{"id":490,"date":"2021-05-01T19:18:53","date_gmt":"2021-05-01T19:18:53","guid":{"rendered":"https:\/\/bslthemes.com\/tastyc\/?page_id=490"},"modified":"2024-04-15T16:29:05","modified_gmt":"2024-04-15T16:29:05","slug":"a-propos","status":"publish","type":"page","link":"https:\/\/www.isofish.ma\/it\/a-propos\/","title":{"rendered":"Circa"},"content":{"rendered":"<div data-elementor-type=\"wp-page\" data-elementor-id=\"490\" class=\"elementor elementor-490\">\n\t\t\t\t\t\t<section class=\"elementor-section elementor-top-section elementor-element elementor-element-9683c4e elementor-section-full_width elementor-section-height-default elementor-section-height-default\" data-id=\"9683c4e\" data-element_type=\"section\" data-e-type=\"section\">\n\t\t\t\t\t\t<div class=\"elementor-container elementor-column-gap-no\">\n\t\t\t\t\t<div class=\"elementor-column elementor-col-100 elementor-top-column elementor-element elementor-element-4db2153\" data-id=\"4db2153\" data-element_type=\"column\" data-e-type=\"column\">\n\t\t\t<div class=\"elementor-widget-wrap elementor-element-populated\">\n\t\t\t\t\t\t<div class=\"elementor-element elementor-element-9657b78 elementor-widget elementor-widget-tastyc-about-us-wide\" data-id=\"9657b78\" data-element_type=\"widget\" data-e-type=\"widget\" data-widget_type=\"tastyc-about-us-wide.default\">\n\t\t\t\t<div class=\"elementor-widget-container\">\n\t\t\t\t\t\n\t\t<!-- container -->\n\t\t<div class=\"container\">\n\n\t\t<div class=\"row\">\n\n                    <div class=\"col-lg-12\">\n\n            <!-- about text -->\n            <div class=\"tst-mb-60 text-center\">\n                                          <h3 class=\"tst-title--h text-center tst-mb-30\">\n              \t<span >\n\t\t\t\t\tBenvenuti a ISO FISH\t\t\t\t<\/span>\n              <\/h3>\n                                          <div class=\"tst-text tst-mb-30\">\n              \t<div >\n\t\t\t\t  \t<p><strong>Il vostro partner globale per le esportazioni di prodotti della pesca :<\/strong> PESCE, CEPHALOPODES, CRUSTACEES ....<\/p><p>Il Gruppo ISO FISH \u00e8 un leader riconosciuto nel settore delle esportazioni di prodotti della pesca, che offre una gamma completa di servizi e soluzioni per soddisfare le esigenze dei mercati nazionali e globali.<\/p><h4><span style=\"text-decoration: underline;color: #000000\"><strong>Il nostro portafoglio di aziende comprende:<\/strong><\/span><\/h4><p>\u00a0<\/p><p><strong><span style=\"color: #12678e\">1. ISO FISH :<\/span><\/strong> Esperto in esportazione di prodotti della pesca, ISO FISH \u00e8 specializzata nell'esportazione di varie specie di pesci, cefalopodi e crostacei.<\/p><p><strong><span style=\"color: #12678e\">2. ISO SEAFOOD :<\/span><\/strong> Esperto in esportazione di prodotti della pesca, ISO SEAFOOD \u00e8 specializzata nell'esportazione di varie specie di pesci, cefalopodi e crostacei.<\/p><p><strong><span style=\"color: #12678e\">3. KANDIL FISH :<\/span><\/strong> Esperto in esportazione di prodotti della pesca, KANDIL FISH \u00e8 specializzata nell'esportazione di varie specie di pesci, cefalopodi e crostacei.<\/p><p><span style=\"color: #12678e\"><strong>4. BMH FISH :<\/strong><\/span> Esperto in esportazione di prodotti della pesca, BMH FISH \u00e8 specializzata nell'esportazione di varie specie di pesci, cefalopodi e crostacei.<\/p><p><span style=\"color: #12678e\"><strong>5. ISO CONGELATION :<\/strong><\/span> Esperto in esportazione di prodotti della pesca, ISO CONGELATION \u00e8 specializzata nell'esportazione di varie specie di pesci, cefalopodi e crostacei.<\/p><p><span style=\"color: #12678e\"><strong>6. AK LOGISTIQUE :<\/strong><\/span> Specializzata nella logistica e distribuzione, AK LOGISTIQUE prevede il trasporto e affidabile i prodotti della pesca, i mercati di tutto il mondo, garantendo loro la freschezza e la qualit\u00e0.<\/p><h4><span style=\"text-decoration: underline;color: #000000\"><strong>Le nostre aree di competenza sono:<br \/><br \/><\/strong><\/span><\/h4><p>\u2022 <strong><span style=\"color: #12678e\">La pesca e l&#039;Acquacoltura Sostenibile :<\/span><\/strong> Ci impegniamo a praticare la pesca e l&#039;acquacoltura sostenibile, assicurando che la nostra attivit\u00e0 di rispettare le pi\u00f9 severe norme ambientali, garantendo la sostenibilit\u00e0 delle risorse marine.<\/p><p>\u2022 <strong><span style=\"color: #12678e\">La qualit\u00e0 di lavorazione :<\/span><\/strong> La nostra esperienza nel trattamento assicura che i nostri prodotti della pesca preparati e trattati secondo i pi\u00f9 alti standard di igiene e qualit\u00e0, in modo da soddisfare le esigenze dei mercati internazionali.<\/p><p>\u2022 <strong><span style=\"color: #12678e\">Global logistics :<\/span><\/strong> Grazie alla nostra rete logistica globale \u00e8 ben consolidata, siamo in grado di consegnare i nostri prodotti pesce fresco o surgelato, di alta qualit\u00e0 ai nostri clienti in tutto il mondo, rispettando i tempi di consegna e delle specifiche dei clienti.<\/p><p>\u2022 <strong><span style=\"color: #12678e\">Il nostro impegno per la qualit\u00e0 e la durata :<\/span><\/strong> All&#039;interno del Gruppo ISO di PESCE, ci siamo impegnati a fornire prodotti di pesca di alta qualit\u00e0, preservando le risorse marine per le generazioni future. Ci impegniamo a rispettare i pi\u00f9 alti standard di sostenibilit\u00e0 e responsabilit\u00e0 sociale, offrendo ai nostri clienti una qualit\u00e0 senza pari e una garanzia di soddisfazione.<\/p>\t\t\t\t<\/div>\n              <\/div>\n                                        <\/div>\n            <!-- about text end -->\n\n          <\/div>\n\n        <\/div>\n        \n        \n                <div class=\"row\">\n\n          <div class=\"col-lg-12\">\n\n            <!-- about video -->\n            <div class=\"tst-about-cover tst-video-cover tst-mb-60\">\n                            <img decoding=\"async\" src=\"https:\/\/www.isofish.ma\/wp-content\/uploads\/2024\/04\/BillBoard-Atlantic-2-1920x960.png\" alt=\"\" class=\"tst-cover animateme\" data-when=\"span\" data-from=\"-1\" data-to=\"2\" data-easing=\"easeinout\" data-scale=\"1.2\">\n                            <div class=\"tst-overlay\"><\/div>\n                          <\/div>\n            <!-- about video end -->\n\n          <\/div>\n\n        <\/div>\n        \n        <div class=\"tst-spacer tst-spacer-only-bottom-space\"><\/div>\n\n        <\/div>\n\n\t\t\t\t\t\t<\/div>\n\t\t\t\t<\/div>\n\t\t\t\t\t<\/div>\n\t\t<\/div>\n\t\t\t\t\t<\/div>\n\t\t<\/section>\n\t\t\t\t<section class=\"elementor-section elementor-top-section elementor-element elementor-element-48b0cc8 elementor-section-full_width elementor-hidden-desktop elementor-hidden-tablet elementor-hidden-mobile elementor-section-height-default elementor-section-height-default\" data-id=\"48b0cc8\" data-element_type=\"section\" data-e-type=\"section\" data-settings=\"{&quot;background_background&quot;:&quot;classic&quot;}\">\n\t\t\t\t\t\t\t<div class=\"elementor-background-overlay\"><\/div>\n\t\t\t\t\t\t\t<div class=\"elementor-container elementor-column-gap-no\">\n\t\t\t\t\t<div class=\"elementor-column elementor-col-100 elementor-top-column elementor-element elementor-element-ca7b1fc\" data-id=\"ca7b1fc\" data-element_type=\"column\" data-e-type=\"column\">\n\t\t\t<div class=\"elementor-widget-wrap elementor-element-populated\">\n\t\t\t\t\t\t<div class=\"elementor-element elementor-element-f0d7d2e elementor-widget elementor-widget-tastyc-subscribe-form\" data-id=\"f0d7d2e\" data-element_type=\"widget\" data-e-type=\"widget\" data-widget_type=\"tastyc-subscribe-form.default\">\n\t\t\t\t<div class=\"elementor-widget-container\">\n\t\t\t\t\t\n\t\t<!-- container -->\n\t\t<div class=\"container\">\n\n\t\t<div class=\"tst-banner-sm\">\n                    <div class=\"row align-items-center\">\n            <div class=\"col-lg-12\">\n              <div class=\"tst-text-frame text-left\">\n              \t                <div class=\"tst-suptitle tst-suptitle-mobile-center tst-suptitle-left tst-text-shadow tst-white-2 tst-mb-15\">\n                \t<span >\n\t\t          \t\tNewsletter\t\t         \t<\/span>\n                <\/div>\n                                                <h2 class=\"tst-title--h tst-white-2 tst-text-shadow tst-mb-30\">\n            \t\t<span >\n\t\t          \t\tRegistrazione<br>newsletter\t\t         \t<\/span>\n            \t<\/h2>\n            \t                                <p class=\"tst-text tst-white-2 tst-text-shadow tst-mb-30\">\n                \t<span >\n\t\t          \t\tInformiamo i nostri nuovi arrivi\t\t         \t<\/span>\n                <\/p>\n                                                \t\n<div class=\"wpcf7 no-js\" id=\"wpcf7-f368-o1\" lang=\"en-US\" dir=\"ltr\" data-wpcf7-id=\"368\">\n<div class=\"screen-reader-response\"><p role=\"status\" aria-live=\"polite\" aria-atomic=\"true\"><\/p> <ul><\/ul><\/div>\n<form action=\"\/it\/wp-json\/wp\/v2\/pages\/490#wpcf7-f368-o1\" method=\"post\" class=\"wpcf7-form init\" aria-label=\"Contact form\" novalidate=\"novalidate\" data-status=\"init\" data-trp-original-action=\"\/it\/wp-json\/wp\/v2\/pages\/490#wpcf7-f368-o1\">\n<fieldset class=\"hidden-fields-container\"><input type=\"hidden\" name=\"_wpcf7\" value=\"368\" \/><input type=\"hidden\" name=\"_wpcf7_version\" value=\"6.1.5\" \/><input type=\"hidden\" name=\"_wpcf7_locale\" value=\"en_US\" \/><input type=\"hidden\" name=\"_wpcf7_unit_tag\" value=\"wpcf7-f368-o1\" \/><input type=\"hidden\" name=\"_wpcf7_container_post\" value=\"0\" \/><input type=\"hidden\" name=\"_wpcf7_posted_data_hash\" value=\"\" \/>\n<\/fieldset>\n<span class=\"wpcf7-form-control-wrap\" data-name=\"sf_email\"><input size=\"40\" maxlength=\"400\" class=\"wpcf7-form-control wpcf7-email wpcf7-validates-as-required wpcf7-text wpcf7-validates-as-email\" aria-required=\"true\" aria-invalid=\"false\" placeholder=\"Il tuo indirizzo e-mail\" value=\"\" type=\"email\" name=\"sf_email\" \/><\/span>\n<button class=\"tst-btn\" type=\"submit\">Inviare<\/button><div class=\"wpcf7-response-output\" aria-hidden=\"true\"><\/div>\n<input type=\"hidden\" name=\"trp-form-language\" value=\"it\"\/><\/form>\n<\/div>\n                              <\/div>\n            <\/div>\n          <\/div>\n        <\/div>\n\n\t\t<\/div>\n\t\t<!-- container end -->\n\n\t\t\t\t\t\t<\/div>\n\t\t\t\t<\/div>\n\t\t\t\t\t<\/div>\n\t\t<\/div>\n\t\t\t\t\t<\/div>\n\t\t<\/section>\n\t\t\t\t<\/div>","protected":false},"excerpt":{"rendered":"<p>Bienvenue chez ISO FISH Votre partenaire global dans l&#8217;exportation de produits de la p\u00eache\u00a0: POISSON, CEPHALOPODES, CRUSTACEES \u2026. Le Groupe&#8230; <span class=\"tst-el-more\"><a href=\"https:\/\/www.isofish.ma\/it\/a-propos\/\" class=\"tst-label tst-color tst-anima-link\">Read more<span class=\"screen-reader-text\">Read more\u00c0 propos<\/span><\/a><\/span><\/p>","protected":false},"author":1,"featured_media":0,"parent":0,"menu_order":0,"comment_status":"closed","ping_status":"closed","template":"template-layout-builder.php","meta":{"_acf_changed":false,"footnotes":""},"class_list":["post-490","page","type-page","status-publish","hentry"],"acf":[],"_links":{"self":[{"href":"https:\/\/www.isofish.ma\/it\/wp-json\/wp\/v2\/pages\/490","targetHints":{"allow":["GET"]}}],"collection":[{"href":"https:\/\/www.isofish.ma\/it\/wp-json\/wp\/v2\/pages"}],"about":[{"href":"https:\/\/www.isofish.ma\/it\/wp-json\/wp\/v2\/types\/page"}],"author":[{"embeddable":true,"href":"https:\/\/www.isofish.ma\/it\/wp-json\/wp\/v2\/users\/1"}],"replies":[{"embeddable":true,"href":"https:\/\/www.isofish.ma\/it\/wp-json\/wp\/v2\/comments?post=490"}],"version-history":[{"count":52,"href":"https:\/\/www.isofish.ma\/it\/wp-json\/wp\/v2\/pages\/490\/revisions"}],"predecessor-version":[{"id":3220,"href":"https:\/\/www.isofish.ma\/it\/wp-json\/wp\/v2\/pages\/490\/revisions\/3220"}],"wp:attachment":[{"href":"https:\/\/www.isofish.ma\/it\/wp-json\/wp\/v2\/media?parent=490"}],"curies":[{"name":"wp","href":"https:\/\/api.w.org\/{rel}","templated":true}]}}