{"id":3063,"date":"2024-04-14T09:32:06","date_gmt":"2024-04-14T09:32:06","guid":{"rendered":"https:\/\/isofish.factory76.fr\/?page_id=3063"},"modified":"2024-06-01T12:08:47","modified_gmt":"2024-06-01T12:08:47","slug":"calamar-2","status":"publish","type":"page","link":"https:\/\/www.isofish.ma\/it\/calamar-2\/","title":{"rendered":"CALAMARO"},"content":{"rendered":"<div data-elementor-type=\"wp-page\" data-elementor-id=\"3063\" class=\"elementor elementor-3063\">\n\t\t\t\t<div class=\"elementor-element elementor-element-cc7812c e-flex e-con-boxed e-con e-parent\" data-id=\"cc7812c\" data-element_type=\"container\" data-e-type=\"container\">\n\t\t\t\t\t<div class=\"e-con-inner\">\n\t\t\t\t<div class=\"elementor-element elementor-element-a50786a elementor-arrows-position-inside elementor-pagination-position-outside elementor-widget elementor-widget-image-carousel\" data-id=\"a50786a\" data-element_type=\"widget\" data-e-type=\"widget\" data-settings=\"{&quot;slides_to_show&quot;:&quot;2&quot;,&quot;slides_to_scroll&quot;:&quot;1&quot;,&quot;navigation&quot;:&quot;both&quot;,&quot;autoplay&quot;:&quot;yes&quot;,&quot;pause_on_hover&quot;:&quot;yes&quot;,&quot;pause_on_interaction&quot;:&quot;yes&quot;,&quot;autoplay_speed&quot;:5000,&quot;infinite&quot;:&quot;yes&quot;,&quot;speed&quot;:500}\" data-widget_type=\"image-carousel.default\">\n\t\t\t\t<div class=\"elementor-widget-container\">\n\t\t\t\t\t\t\t<div class=\"elementor-image-carousel-wrapper swiper\" role=\"region\" aria-roledescription=\"carousel\" aria-label=\"Carrousel d\u2019images\" dir=\"ltr\">\n\t\t\t<div class=\"elementor-image-carousel swiper-wrapper\" aria-live=\"off\">\n\t\t\t\t\t\t\t\t<div class=\"swiper-slide\" role=\"group\" aria-roledescription=\"slide\" aria-label=\"1 sur 22\"><figure class=\"swiper-slide-inner\"><img decoding=\"async\" class=\"swiper-slide-image\" src=\"https:\/\/www.isofish.ma\/wp-content\/uploads\/elementor\/thumbs\/calamar-4-qp0od4mm5622tfe3frvmr22ie23slr4p375ggax9jc.jpg\" alt=\"calamar 4\" \/><\/figure><\/div><div class=\"swiper-slide\" role=\"group\" aria-roledescription=\"slide\" aria-label=\"2 sur 22\"><figure class=\"swiper-slide-inner\"><img decoding=\"async\" class=\"swiper-slide-image\" src=\"https:\/\/www.isofish.ma\/wp-content\/uploads\/elementor\/thumbs\/calamar-2-qp0oda9na69sr35wiube60n9ydbzvxr33z2dbyowi0.jpg\" alt=\"calamar 2\" \/><\/figure><\/div><div class=\"swiper-slide\" role=\"group\" aria-roledescription=\"slide\" aria-label=\"3 sur 22\"><figure class=\"swiper-slide-inner\"><img decoding=\"async\" class=\"swiper-slide-image\" src=\"https:\/\/www.isofish.ma\/wp-content\/uploads\/elementor\/thumbs\/calamar-qp0odeyu8cg8d4z2recj0hgkxaotyf9qsmbsqchxmw.jpg\" alt=\"calamar\" \/><\/figure><\/div><div class=\"swiper-slide\" role=\"group\" aria-roledescription=\"slide\" aria-label=\"4 sur 22\"><figure class=\"swiper-slide-inner\"><img decoding=\"async\" class=\"swiper-slide-image\" src=\"https:\/\/www.isofish.ma\/wp-content\/uploads\/elementor\/thumbs\/calamar-3-qp0od8dywi783v8mtti5114crll9gjjmfprederoug.jpg\" alt=\"calamar 3\" \/><\/figure><\/div><div class=\"swiper-slide\" role=\"group\" aria-roledescription=\"slide\" aria-label=\"5 sur 22\"><figure class=\"swiper-slide-inner\"><img decoding=\"async\" class=\"swiper-slide-image\" src=\"https:\/\/www.isofish.ma\/wp-content\/uploads\/elementor\/thumbs\/calamar-qmltokw4955i5tv8zcw6rtievcpxl6k147m0zbkjuw.jpg\" alt=\"CALAMAR\" \/><\/figure><\/div><div class=\"swiper-slide\" role=\"group\" aria-roledescription=\"slide\" aria-label=\"6 sur 22\"><figure class=\"swiper-slide-inner\"><img decoding=\"async\" class=\"swiper-slide-image\" src=\"https:\/\/www.isofish.ma\/wp-content\/uploads\/elementor\/thumbs\/WhatsApp-Image-2024-04-16-at-11.02.32-scaled-qmw232h1xshzk5d3d53ou2rtc3lptzprvfmqj75aq0.jpeg\" alt=\"WhatsApp Image 2024-04-16 at 11.02.32\" \/><\/figure><\/div><div class=\"swiper-slide\" role=\"group\" aria-roledescription=\"slide\" aria-label=\"7 sur 22\"><figure class=\"swiper-slide-inner\"><img decoding=\"async\" class=\"swiper-slide-image\" src=\"https:\/\/www.isofish.ma\/wp-content\/uploads\/elementor\/thumbs\/WhatsApp-Image-2024-04-16-at-11.02.34-1-scaled-qmw23axlnatkgn0szqrbyimyokg0r9ncwli3uosr60.jpeg\" alt=\"WhatsApp Image 2024-04-16 at 11.02.34 (1)\" \/><\/figure><\/div><div class=\"swiper-slide\" role=\"group\" aria-roledescription=\"slide\" aria-label=\"8 sur 22\"><figure class=\"swiper-slide-inner\"><img decoding=\"async\" class=\"swiper-slide-image\" src=\"https:\/\/www.isofish.ma\/wp-content\/uploads\/elementor\/thumbs\/WhatsApp-Image-2024-04-16-at-11.02.34-2-scaled-qmw23igb5z3v1ipvru0cigqnfneyguh7lmpzowhls8.jpeg\" alt=\"WhatsApp Image 2024-04-16 at 11.02.34 (2)\" \/><\/figure><\/div><div class=\"swiper-slide\" role=\"group\" aria-roledescription=\"slide\" aria-label=\"9 sur 22\"><figure class=\"swiper-slide-inner\"><img decoding=\"async\" class=\"swiper-slide-image\" src=\"https:\/\/www.isofish.ma\/wp-content\/uploads\/elementor\/thumbs\/WhatsApp-Image-2024-04-16-at-11.02.34-3-scaled-qmw23n5i45aankj20e1hcxjyekrsjbzva9zf3aamx4.jpeg\" alt=\"WhatsApp Image 2024-04-16 at 11.02.34 (3)\" \/><\/figure><\/div><div class=\"swiper-slide\" role=\"group\" aria-roledescription=\"slide\" aria-label=\"10 sur 22\"><figure class=\"swiper-slide-inner\"><img decoding=\"async\" class=\"swiper-slide-image\" src=\"https:\/\/www.isofish.ma\/wp-content\/uploads\/elementor\/thumbs\/WhatsApp-Image-2024-04-16-at-11.02.35-scaled-qmw240b8rtsb63zxvjq9bu8epyyxj3g40347t5r4i0.jpeg\" alt=\"WhatsApp Image 2024-04-16 at 11.02.35\" \/><\/figure><\/div><div class=\"swiper-slide\" role=\"group\" aria-roledescription=\"slide\" aria-label=\"11 sur 22\"><figure class=\"swiper-slide-inner\"><img decoding=\"async\" class=\"swiper-slide-image\" src=\"https:\/\/www.isofish.ma\/wp-content\/uploads\/elementor\/thumbs\/CALAMAR-FISH-FROZEN-qorubjdnsafjo8k604jc7tkxntof581twzl5dpcfwo.jpg\" alt=\"CALAMAR FISH FROZEN\" \/><\/figure><\/div><div class=\"swiper-slide\" role=\"group\" aria-roledescription=\"slide\" aria-label=\"12 sur 22\"><figure class=\"swiper-slide-inner\"><img decoding=\"async\" class=\"swiper-slide-image\" src=\"https:\/\/www.isofish.ma\/wp-content\/uploads\/elementor\/thumbs\/CALAMAR-SQUID-FROZEN-FISH-3-qorvl1qcoiqbskgd9aq2fu5d2fd6tnpz68oguzv8nc.png\" alt=\"CALAMAR SQUID FROZEN FISH 3\" \/><\/figure><\/div><div class=\"swiper-slide\" role=\"group\" aria-roledescription=\"slide\" aria-label=\"13 sur 22\"><figure class=\"swiper-slide-inner\"><img decoding=\"async\" class=\"swiper-slide-image\" src=\"https:\/\/www.isofish.ma\/wp-content\/uploads\/elementor\/thumbs\/CALAMAR-SQUID-FROZEN-FISH-8-qorvl3m126swfsdmybjbktoa973x91xfuhzftjsgaw.jpg\" alt=\"CALAMAR SQUID FROZEN FISH 8\" \/><\/figure><\/div><div class=\"swiper-slide\" role=\"group\" aria-roledescription=\"slide\" aria-label=\"14 sur 22\"><figure class=\"swiper-slide-inner\"><img decoding=\"async\" class=\"swiper-slide-image\" src=\"https:\/\/www.isofish.ma\/wp-content\/uploads\/elementor\/thumbs\/CALAMAR-LIMPIO-SQUID-FROZEN-FISH-9-qorvl5hpfuvh30awncckpt77fyunog4wiraes3pnyg.jpg\" alt=\"CALAMAR LIMPIO SQUID FROZEN FISH 9\" \/><\/figure><\/div><div class=\"swiper-slide\" role=\"group\" aria-roledescription=\"slide\" aria-label=\"15 sur 22\"><figure class=\"swiper-slide-inner\"><img decoding=\"async\" class=\"swiper-slide-image\" src=\"https:\/\/www.isofish.ma\/wp-content\/uploads\/elementor\/thumbs\/CALAMAR-LIMPIO-SQUID-FROZEN-FISH-10-qorvl7ddtiy1q886cd5tusq4mqle3ucd70ldqnmvm0.jpg\" alt=\"CALAMAR LIMPIO SQUID FROZEN FISH 10\" \/><\/figure><\/div><div class=\"swiper-slide\" role=\"group\" aria-roledescription=\"slide\" aria-label=\"16 sur 22\"><figure class=\"swiper-slide-inner\"><img decoding=\"async\" class=\"swiper-slide-image\" src=\"https:\/\/www.isofish.ma\/wp-content\/uploads\/elementor\/thumbs\/CALAMAR-SQUID-FROZEN-FISH-4-qorvl8b80czc1u6t6vkgfahl84grbjg3j58v7xlhfs.jpg\" alt=\"CALAMAR SQUID FROZEN FISH 4\" \/><\/figure><\/div><div class=\"swiper-slide\" role=\"group\" aria-roledescription=\"slide\" aria-label=\"17 sur 22\"><figure class=\"swiper-slide-inner\"><img decoding=\"async\" class=\"swiper-slide-image\" src=\"https:\/\/www.isofish.ma\/wp-content\/uploads\/elementor\/thumbs\/CALAMAR-SQUID-FROZEN-FISH-5-qorvla6we11wp242vwdpka0iew7hqxnk7eju6hip3c.jpg\" alt=\"CALAMAR SQUID FROZEN FISH 5\" \/><\/figure><\/div><div class=\"swiper-slide\" role=\"group\" aria-roledescription=\"slide\" aria-label=\"18 sur 22\"><figure class=\"swiper-slide-inner\"><img decoding=\"async\" class=\"swiper-slide-image\" src=\"https:\/\/www.isofish.ma\/wp-content\/uploads\/elementor\/thumbs\/CALAMAR-LIMPIO-SQUID-FROZEN-FISH-qorvlb4qkv370o2pqesc4rrz0a2uymrajj7bnrhax4.jpg\" alt=\"CALAMAR LIMPIO SQUID FROZEN FISH\" \/><\/figure><\/div><div class=\"swiper-slide\" role=\"group\" aria-roledescription=\"slide\" aria-label=\"19 sur 22\"><figure class=\"swiper-slide-inner\"><img decoding=\"async\" class=\"swiper-slide-image\" src=\"https:\/\/www.isofish.ma\/wp-content\/uploads\/elementor\/thumbs\/CALAMAR-LIMPIO-SQUID-FROZEN-FISH-2-qorvld0eyj5rnvzzffll9raw71tle0yr7siambeiko.jpg\" alt=\"CALAMAR LIMPIO SQUID FROZEN FISH 2\" \/><\/figure><\/div><div class=\"swiper-slide\" role=\"group\" aria-roledescription=\"slide\" aria-label=\"20 sur 22\"><figure class=\"swiper-slide-inner\"><img decoding=\"async\" class=\"swiper-slide-image\" src=\"https:\/\/www.isofish.ma\/wp-content\/uploads\/elementor\/thumbs\/CALAMAR-LIMPIO-SQUID-FROZEN-FISH-7-qorvlftxj19mmpvvyytgz8l9z7fp149y86gr25ac20.jpg\" alt=\"CALAMAR LIMPIO SQUID FROZEN FISH 7\" \/><\/figure><\/div><div class=\"swiper-slide\" role=\"group\" aria-roledescription=\"slide\" aria-label=\"21 sur 22\"><figure class=\"swiper-slide-inner\"><img decoding=\"async\" class=\"swiper-slide-image\" src=\"https:\/\/www.isofish.ma\/wp-content\/uploads\/elementor\/thumbs\/CALAMAR-LIMPIO-SQUID-FROZEN-FISH-6-qorvling3jdhljrsii1copvnrd1so7l58kf7hz65jc.jpg\" alt=\"CALAMAR LIMPIO SQUID FROZEN FISH 6\" \/><\/figure><\/div><div class=\"swiper-slide\" role=\"group\" aria-roledescription=\"slide\" aria-label=\"22 sur 22\"><figure class=\"swiper-slide-inner\"><img decoding=\"async\" class=\"swiper-slide-image\" src=\"https:\/\/www.isofish.ma\/wp-content\/uploads\/elementor\/thumbs\/CALAMAR-LIMPIO-SQUID-FROZEN-FISH-11-qorvlmesuvimvzmbwjnuyoxi4wj9j002l315f30kug.jpg\" alt=\"CALAMAR LIMPIO SQUID FROZEN FISH 11\" \/><\/figure><\/div>\t\t\t<\/div>\n\t\t\t\t\t\t\t\t\t\t\t\t<div class=\"elementor-swiper-button elementor-swiper-button-prev\" role=\"button\" tabindex=\"0\">\n\t\t\t\t\t\t<svg aria-hidden=\"true\" class=\"e-font-icon-svg e-eicon-chevron-left\" viewbox=\"0 0 1000 1000\" xmlns=\"http:\/\/www.w3.org\/2000\/svg\"><path d=\"M646 125C629 125 613 133 604 142L308 442C296 454 292 471 292 487 292 504 296 521 308 533L604 854C617 867 629 875 646 875 663 875 679 871 692 858 704 846 713 829 713 812 713 796 708 779 692 767L438 487 692 225C700 217 708 204 708 187 708 171 704 154 692 142 675 129 663 125 646 125Z\"><\/path><\/svg>\t\t\t\t\t<\/div>\n\t\t\t\t\t<div class=\"elementor-swiper-button elementor-swiper-button-next\" role=\"button\" tabindex=\"0\">\n\t\t\t\t\t\t<svg aria-hidden=\"true\" class=\"e-font-icon-svg e-eicon-chevron-right\" viewbox=\"0 0 1000 1000\" xmlns=\"http:\/\/www.w3.org\/2000\/svg\"><path d=\"M696 533C708 521 713 504 713 487 713 471 708 454 696 446L400 146C388 133 375 125 354 125 338 125 325 129 313 142 300 154 292 171 292 187 292 204 296 221 308 233L563 492 304 771C292 783 288 800 288 817 288 833 296 850 308 863 321 871 338 875 354 875 371 875 388 867 400 854L696 533Z\"><\/path><\/svg>\t\t\t\t\t<\/div>\n\t\t\t\t\n\t\t\t\t\t\t\t\t\t<div class=\"swiper-pagination\"><\/div>\n\t\t\t\t\t\t\t\t\t<\/div>\n\t\t\t\t\t\t<\/div>\n\t\t\t\t<\/div>\n\t\t\t\t<div class=\"elementor-element elementor-element-7329055 elementor-widget elementor-widget-shortcode\" data-id=\"7329055\" data-element_type=\"widget\" data-e-type=\"widget\" data-widget_type=\"shortcode.default\">\n\t\t\t\t<div class=\"elementor-widget-container\">\n\t\t\t\t\t\t\t<div class=\"elementor-shortcode\">\n<table id=\"tablepress-6\" class=\"tablepress tablepress-id-6\">\n<tbody class=\"row-striping row-hover\">\n<tr class=\"row-1\">\n\t<td class=\"column-1\">CARATTERISTICHE<\/td><td class=\"column-2\">Blocca il congelamento<br \/>\nCongelamento individuale (IQF)<\/td><td class=\"column-3\"><\/td><td class=\"column-4\"><\/td><td class=\"column-5\"><\/td>\n<\/tr>\n<tr class=\"row-2\">\n\t<td class=\"column-1\">NOME SCIENTIFICO<\/td><td class=\"column-2\">Loligo vulgaris<\/td><td class=\"column-3\"><\/td><td class=\"column-4\"><\/td><td class=\"column-5\"><\/td>\n<\/tr>\n<tr class=\"row-3\">\n\t<td class=\"column-1\">ORIGINE<\/td><td class=\"column-2\">Marocco<\/td><td class=\"column-3\"><\/td><td class=\"column-4\"><\/td><td class=\"column-5\"><\/td>\n<\/tr>\n<tr class=\"row-4\">\n\t<td class=\"column-1\">ZONA DI PESCA<\/td><td class=\"column-2\">FAO 34<\/td><td class=\"column-3\"><\/td><td class=\"column-4\"><\/td><td class=\"column-5\"><\/td>\n<\/tr>\n<tr class=\"row-5\">\n\t<td class=\"column-1\">DURATA DI CONSERVAZIONE<\/td><td class=\"column-2\">18 mesi<\/td><td class=\"column-3\"><\/td><td class=\"column-4\"><\/td><td class=\"column-5\"><\/td>\n<\/tr>\n<\/tbody>\n<\/table>\n<!-- #tablepress-6 from cache --><\/div>\n\t\t\t\t\t\t<\/div>\n\t\t\t\t<\/div>\n\t\t\t\t<div class=\"elementor-element elementor-element-37c633e elementor-widget elementor-widget-image\" data-id=\"37c633e\" data-element_type=\"widget\" data-e-type=\"widget\" data-widget_type=\"image.default\">\n\t\t\t\t<div class=\"elementor-widget-container\">\n\t\t\t\t\t\t\t\t\t\t\t\t\t\t\t<img fetchpriority=\"high\" decoding=\"async\" width=\"900\" height=\"149\" src=\"https:\/\/www.isofish.ma\/wp-content\/uploads\/2024\/04\/Capture-decran-2024-04-14-a-11.14.29.png\" class=\"attachment-large size-large wp-image-3068\" alt=\"\" srcset=\"https:\/\/www.isofish.ma\/wp-content\/uploads\/2024\/04\/Capture-decran-2024-04-14-a-11.14.29.png 1394w, https:\/\/www.isofish.ma\/wp-content\/uploads\/2024\/04\/Capture-decran-2024-04-14-a-11.14.29-300x55.png 300w, https:\/\/www.isofish.ma\/wp-content\/uploads\/2024\/04\/Capture-decran-2024-04-14-a-11.14.29-1024x187.png 1024w, https:\/\/www.isofish.ma\/wp-content\/uploads\/2024\/04\/Capture-decran-2024-04-14-a-11.14.29-768x140.png 768w, https:\/\/www.isofish.ma\/wp-content\/uploads\/2024\/04\/Capture-decran-2024-04-14-a-11.14.29-18x3.png 18w, https:\/\/www.isofish.ma\/wp-content\/uploads\/2024\/04\/Capture-decran-2024-04-14-a-11.14.29-950x173.png 950w\" sizes=\"(max-width: 900px) 100vw, 900px\" \/>\t\t\t\t\t\t\t\t\t\t\t\t\t\t\t<\/div>\n\t\t\t\t<\/div>\n\t\t\t\t<div class=\"elementor-element elementor-element-c55f560 elementor-widget elementor-widget-text-editor\" data-id=\"c55f560\" data-element_type=\"widget\" data-e-type=\"widget\" data-widget_type=\"text-editor.default\">\n\t\t\t\t<div class=\"elementor-widget-container\">\n\t\t\t\t\t\t\t\t\t<h6><span style=\"color: #808080;\">ESPORTIAMO I CALAMARI FRESCHI CONGELATI DEI SEGUENTI TIPI:<\/span><\/h6><p><span class=\"value black\">Giro pulito<br \/><\/span><span class=\"value black\">Fiore di calamari<br \/><\/span><span class=\"value black\">Anello di calamaro<br \/><\/span><span class=\"value black\">Tubo di calamari<br \/><\/span><span class=\"value black\">Spiedini di calamari<br \/><\/span><span class=\"value black\">Filetto di calamaro gigante<\/span><\/p>\t\t\t\t\t\t\t\t<\/div>\n\t\t\t\t<\/div>\n\t\t\t\t<div class=\"elementor-element elementor-element-4a4e05a elementor-widget elementor-widget-shortcode\" data-id=\"4a4e05a\" data-element_type=\"widget\" data-e-type=\"widget\" data-widget_type=\"shortcode.default\">\n\t\t\t\t<div class=\"elementor-widget-container\">\n\t\t\t\t\t\t\t<div class=\"elementor-shortcode\">\n<table id=\"tablepress-5\" class=\"tablepress tablepress-id-5\">\n<thead>\n<tr class=\"row-1\">\n\t<th class=\"column-1\">Categoria<\/th><th class=\"column-2\">cm<\/th>\n<\/tr>\n<\/thead>\n<tbody class=\"row-striping row-hover\">\n<tr class=\"row-2\">\n\t<td class=\"column-1\">GG<\/td><td class=\"column-2\">>36<\/td>\n<\/tr>\n<tr class=\"row-3\">\n\t<td class=\"column-1\">G<\/td><td class=\"column-2\">>31-36<\/td>\n<\/tr>\n<tr class=\"row-4\">\n\t<td class=\"column-1\">M<\/td><td class=\"column-2\">>26-31<\/td>\n<\/tr>\n<tr class=\"row-5\">\n\t<td class=\"column-1\">P<\/td><td class=\"column-2\">>21-26<\/td>\n<\/tr>\n<tr class=\"row-6\">\n\t<td class=\"column-1\">2P<\/td><td class=\"column-2\">>16-21<\/td>\n<\/tr>\n<tr class=\"row-7\">\n\t<td class=\"column-1\">3P<\/td><td class=\"column-2\">>11-16<\/td>\n<\/tr>\n<tr class=\"row-8\">\n\t<td class=\"column-1\">4P<\/td><td class=\"column-2\"><11<\/td>\n<\/tr>\n<\/tbody>\n<\/table>\n<!-- #tablepress-5 from cache --><\/div>\n\t\t\t\t\t\t<\/div>\n\t\t\t\t<\/div>\n\t\t\t\t<div class=\"elementor-element elementor-element-0b77b25 elementor-widget elementor-widget-image\" data-id=\"0b77b25\" data-element_type=\"widget\" data-e-type=\"widget\" data-widget_type=\"image.default\">\n\t\t\t\t<div class=\"elementor-widget-container\">\n\t\t\t\t\t\t\t\t\t\t\t\t\t\t\t<img decoding=\"async\" width=\"900\" height=\"265\" src=\"https:\/\/www.isofish.ma\/wp-content\/uploads\/2024\/04\/Capture-decran-2024-04-14-a-09.52.45-1024x301.png\" class=\"attachment-large size-large wp-image-3021\" alt=\"\" srcset=\"https:\/\/www.isofish.ma\/wp-content\/uploads\/2024\/04\/Capture-decran-2024-04-14-a-09.52.45-1024x301.png 1024w, https:\/\/www.isofish.ma\/wp-content\/uploads\/2024\/04\/Capture-decran-2024-04-14-a-09.52.45-300x88.png 300w, https:\/\/www.isofish.ma\/wp-content\/uploads\/2024\/04\/Capture-decran-2024-04-14-a-09.52.45-768x226.png 768w, https:\/\/www.isofish.ma\/wp-content\/uploads\/2024\/04\/Capture-decran-2024-04-14-a-09.52.45-18x5.png 18w, https:\/\/www.isofish.ma\/wp-content\/uploads\/2024\/04\/Capture-decran-2024-04-14-a-09.52.45-950x280.png 950w, https:\/\/www.isofish.ma\/wp-content\/uploads\/2024\/04\/Capture-decran-2024-04-14-a-09.52.45.png 1502w\" sizes=\"(max-width: 900px) 100vw, 900px\" \/>\t\t\t\t\t\t\t\t\t\t\t\t\t\t\t<\/div>\n\t\t\t\t<\/div>\n\t\t\t\t<div class=\"elementor-element elementor-element-7864372 elementor-hidden-desktop elementor-hidden-tablet elementor-hidden-mobile elementor-widget elementor-widget-shortcode\" data-id=\"7864372\" data-element_type=\"widget\" data-e-type=\"widget\" data-widget_type=\"shortcode.default\">\n\t\t\t\t<div class=\"elementor-widget-container\">\n\t\t\t\t\t\t\t<div class=\"elementor-shortcode\">\n<table id=\"tablepress-4\" class=\"tablepress tablepress-id-4\">\n<thead>\n<tr class=\"row-1\">\n\t<th class=\"column-1\">TERMINI DI PAGAMENTO:<\/th><th class=\"column-2\">CERTIFICAZIONE:<\/th>\n<\/tr>\n<\/thead>\n<tbody class=\"row-striping row-hover\">\n<tr class=\"row-2\">\n\t<td class=\"column-1\">TT<\/td><td class=\"column-2\">HACCP<\/td>\n<\/tr>\n<tr class=\"row-3\">\n\t<td class=\"column-1\">LC irrevocabile a vista<\/td><td class=\"column-2\">ISO<\/td>\n<\/tr>\n<tr class=\"row-4\">\n\t<td class=\"column-1\">Usance LC, pagabile fino a 180 giorni<\/td><td class=\"column-2\">DIPOA<\/td>\n<\/tr>\n<tr class=\"row-5\">\n\t<td class=\"column-1\">Factoring<\/td><td class=\"column-2\">IFS<\/td>\n<\/tr>\n<tr class=\"row-6\">\n\t<td class=\"column-1\">Finanziamento fino a 120 giorni<\/td><td class=\"column-2\">FDA<\/td>\n<\/tr>\n<tr class=\"row-7\">\n\t<td class=\"column-1\">CAD<\/td><td class=\"column-2\">FoS<\/td>\n<\/tr>\n<\/tbody>\n<\/table>\n<!-- #tablepress-4 from cache --><\/div>\n\t\t\t\t\t\t<\/div>\n\t\t\t\t<\/div>\n\t\t\t\t\t<\/div>\n\t\t\t\t<\/div>\n\t\t<div class=\"elementor-element elementor-element-d83972e e-flex e-con-boxed e-con e-parent\" data-id=\"d83972e\" data-element_type=\"container\" data-e-type=\"container\">\n\t\t\t\t\t<div class=\"e-con-inner\">\n\t\t\t\t\t<\/div>\n\t\t\t\t<\/div>\n\t\t\t\t<\/div>","protected":false},"excerpt":{"rendered":"<p>NOUS EXPORTONS DU CALAMAR FRA\u00ceCHEMENT CONGEL\u00c9 DES TYPES SUIVANTS: Rond nettoy\u00e9Fleur de calamarAnneau de calamarTube de calmarBrochettes de calamarFilet de&#8230; <span class=\"tst-el-more\"><a href=\"https:\/\/www.isofish.ma\/it\/calamar-2\/\" class=\"tst-label tst-color tst-anima-link\">Read more<span class=\"screen-reader-text\">Read moreCALAMAR<\/span><\/a><\/span><\/p>","protected":false},"author":1,"featured_media":0,"parent":0,"menu_order":0,"comment_status":"closed","ping_status":"closed","template":"","meta":{"_acf_changed":false,"footnotes":""},"class_list":["post-3063","page","type-page","status-publish","hentry"],"acf":[],"_links":{"self":[{"href":"https:\/\/www.isofish.ma\/it\/wp-json\/wp\/v2\/pages\/3063","targetHints":{"allow":["GET"]}}],"collection":[{"href":"https:\/\/www.isofish.ma\/it\/wp-json\/wp\/v2\/pages"}],"about":[{"href":"https:\/\/www.isofish.ma\/it\/wp-json\/wp\/v2\/types\/page"}],"author":[{"embeddable":true,"href":"https:\/\/www.isofish.ma\/it\/wp-json\/wp\/v2\/users\/1"}],"replies":[{"embeddable":true,"href":"https:\/\/www.isofish.ma\/it\/wp-json\/wp\/v2\/comments?post=3063"}],"version-history":[{"count":32,"href":"https:\/\/www.isofish.ma\/it\/wp-json\/wp\/v2\/pages\/3063\/revisions"}],"predecessor-version":[{"id":3464,"href":"https:\/\/www.isofish.ma\/it\/wp-json\/wp\/v2\/pages\/3063\/revisions\/3464"}],"wp:attachment":[{"href":"https:\/\/www.isofish.ma\/it\/wp-json\/wp\/v2\/media?parent=3063"}],"curies":[{"name":"wp","href":"https:\/\/api.w.org\/{rel}","templated":true}]}}