{"id":490,"date":"2021-05-01T19:18:53","date_gmt":"2021-05-01T19:18:53","guid":{"rendered":"https:\/\/bslthemes.com\/tastyc\/?page_id=490"},"modified":"2024-04-15T16:29:05","modified_gmt":"2024-04-15T16:29:05","slug":"a-propos","status":"publish","type":"page","link":"https:\/\/www.isofish.ma\/es\/a-propos\/","title":{"rendered":"Acerca de"},"content":{"rendered":"<div data-elementor-type=\"wp-page\" data-elementor-id=\"490\" class=\"elementor elementor-490\">\n\t\t\t\t\t\t<section class=\"elementor-section elementor-top-section elementor-element elementor-element-9683c4e elementor-section-full_width elementor-section-height-default elementor-section-height-default\" data-id=\"9683c4e\" data-element_type=\"section\" data-e-type=\"section\">\n\t\t\t\t\t\t<div class=\"elementor-container elementor-column-gap-no\">\n\t\t\t\t\t<div class=\"elementor-column elementor-col-100 elementor-top-column elementor-element elementor-element-4db2153\" data-id=\"4db2153\" data-element_type=\"column\" data-e-type=\"column\">\n\t\t\t<div class=\"elementor-widget-wrap elementor-element-populated\">\n\t\t\t\t\t\t<div class=\"elementor-element elementor-element-9657b78 elementor-widget elementor-widget-tastyc-about-us-wide\" data-id=\"9657b78\" data-element_type=\"widget\" data-e-type=\"widget\" data-widget_type=\"tastyc-about-us-wide.default\">\n\t\t\t\t<div class=\"elementor-widget-container\">\n\t\t\t\t\t\n\t\t<!-- container -->\n\t\t<div class=\"container\">\n\n\t\t<div class=\"row\">\n\n                    <div class=\"col-lg-12\">\n\n            <!-- about text -->\n            <div class=\"tst-mb-60 text-center\">\n                                          <h3 class=\"tst-title--h text-center tst-mb-30\">\n              \t<span >\n\t\t\t\t\tBienvenido a ISO FISH\t\t\t\t<\/span>\n              <\/h3>\n                                          <div class=\"tst-text tst-mb-30\">\n              \t<div >\n\t\t\t\t  \t<p><strong>Su socio global en la exportaci\u00f3n de productos de la pesca :<\/strong> PESCADO, CEPHALOPODES, CRUSTACEES ....<\/p><p>El Grupo ISO FISH es un l\u00edder reconocido en el \u00e1mbito de la exportaci\u00f3n de los productos de la pesca, que ofrece una gama completa de servicios y soluciones para satisfacer las necesidades de los mercados nacional y global.<\/p><h4><span style=\"text-decoration: underline;color: #000000\"><strong>Nuestra cartera de empresas que incluye:<\/strong><\/span><\/h4><p>\u00a0<\/p><p><strong><span style=\"color: #12678e\">1. ISO FISH :<\/span><\/strong> Expertos en exportaci\u00f3n de productos de la pesca, ISO FISH se especializa en la exportaci\u00f3n de diversas especies de peces, cefal\u00f3podos y crust\u00e1ceos.<\/p><p><strong><span style=\"color: #12678e\">2. ISO SEAFOOD :<\/span><\/strong> Expertos en exportaci\u00f3n de productos de la pesca, ISO SEAFOOD se especializa en la exportaci\u00f3n de diversas especies de peces, cefal\u00f3podos y crust\u00e1ceos.<\/p><p><strong><span style=\"color: #12678e\">3. KANDIL FISH :<\/span><\/strong> Expertos en exportaci\u00f3n de productos de la pesca, KANDIL FISH se especializa en la exportaci\u00f3n de diversas especies de peces, cefal\u00f3podos y crust\u00e1ceos.<\/p><p><span style=\"color: #12678e\"><strong>4. BMH FISH :<\/strong><\/span> Expertos en exportaci\u00f3n de productos de la pesca, BMH FISH se especializa en la exportaci\u00f3n de diversas especies de peces, cefal\u00f3podos y crust\u00e1ceos.<\/p><p><span style=\"color: #12678e\"><strong>5. ISO CONGELATION :<\/strong><\/span> Expertos en exportaci\u00f3n de productos de la pesca, ISO CONGELATION se especializa en la exportaci\u00f3n de diversas especies de peces, cefal\u00f3podos y crust\u00e1ceos.<\/p><p><span style=\"color: #12678e\"><strong>6. AK LOGISTIQUE :<\/strong><\/span> Especializada en log\u00edstica y distribuci\u00f3n, AK LOGISTIQUE proporciona el transporte y fiable de los productos de la pesca a los mercados del mundo, garantizando su frescura y calidad.<\/p><h4><span style=\"text-decoration: underline;color: #000000\"><strong>Nuestras \u00e1reas de especializaci\u00f3n incluyen:<br \/><br \/><\/strong><\/span><\/h4><p>\u2022 <strong><span style=\"color: #12678e\">De la pesca y de la Acuicultura Sostenible :<\/span><\/strong> Nos comprometemos a la pr\u00e1ctica de la pesca y de la acuicultura sostenible, asegurar que nuestras actividades cumplan con las normas ambientales m\u00e1s estrictas, mientras que la garant\u00eda de la sostenibilidad de los recursos marinos.<\/p><p>\u2022 <strong><span style=\"color: #12678e\">La calidad de procesamiento :<\/span><\/strong> Nuestra experiencia en el procesamiento garantiza que nuestros productos de la pesca est\u00e1n preparados y procesados de acuerdo a los m\u00e1s altos est\u00e1ndares de higiene y calidad, cumpliendo as\u00ed con los requisitos de los mercados internacionales.<\/p><p>\u2022 <strong><span style=\"color: #12678e\">La log\u00edstica Global :<\/span><\/strong> Gracias a nuestra red de log\u00edstica global est\u00e1 bien establecida, somos capaces de entregar a nuestros productos de pescado fresco o congelado, de alta calidad a nuestros clientes en todo el mundo, respetando los plazos de entrega y las especificaciones de los clientes.<\/p><p>\u2022 <strong><span style=\"color: #12678e\">Nuestro compromiso con la calidad y durabilidad :<\/span><\/strong> Dentro del Grupo ISO PECES, estamos comprometidos a proporcionar productos de la pesca de la m\u00e1s alta calidad, mientras que la preservaci\u00f3n de los recursos marinos para las generaciones futuras. Nos comprometemos a respetar los m\u00e1s altos est\u00e1ndares de sostenibilidad y de responsabilidad social, mientras que ofrece a nuestros clientes una calidad inigualable y una garant\u00eda de satisfacci\u00f3n.<\/p>\t\t\t\t<\/div>\n              <\/div>\n                                        <\/div>\n            <!-- about text end -->\n\n          <\/div>\n\n        <\/div>\n        \n        \n                <div class=\"row\">\n\n          <div class=\"col-lg-12\">\n\n            <!-- about video -->\n            <div class=\"tst-about-cover tst-video-cover tst-mb-60\">\n                            <img decoding=\"async\" src=\"https:\/\/www.isofish.ma\/wp-content\/uploads\/2024\/04\/BillBoard-Atlantic-2-1920x960.png\" alt=\"\" class=\"tst-cover animateme\" data-when=\"span\" data-from=\"-1\" data-to=\"2\" data-easing=\"easeinout\" data-scale=\"1.2\">\n                            <div class=\"tst-overlay\"><\/div>\n                          <\/div>\n            <!-- about video end -->\n\n          <\/div>\n\n        <\/div>\n        \n        <div class=\"tst-spacer tst-spacer-only-bottom-space\"><\/div>\n\n        <\/div>\n\n\t\t\t\t\t\t<\/div>\n\t\t\t\t<\/div>\n\t\t\t\t\t<\/div>\n\t\t<\/div>\n\t\t\t\t\t<\/div>\n\t\t<\/section>\n\t\t\t\t<section class=\"elementor-section elementor-top-section elementor-element elementor-element-48b0cc8 elementor-section-full_width elementor-hidden-desktop elementor-hidden-tablet elementor-hidden-mobile elementor-section-height-default elementor-section-height-default\" data-id=\"48b0cc8\" data-element_type=\"section\" data-e-type=\"section\" data-settings=\"{&quot;background_background&quot;:&quot;classic&quot;}\">\n\t\t\t\t\t\t\t<div class=\"elementor-background-overlay\"><\/div>\n\t\t\t\t\t\t\t<div class=\"elementor-container elementor-column-gap-no\">\n\t\t\t\t\t<div class=\"elementor-column elementor-col-100 elementor-top-column elementor-element elementor-element-ca7b1fc\" data-id=\"ca7b1fc\" data-element_type=\"column\" data-e-type=\"column\">\n\t\t\t<div class=\"elementor-widget-wrap elementor-element-populated\">\n\t\t\t\t\t\t<div class=\"elementor-element elementor-element-f0d7d2e elementor-widget elementor-widget-tastyc-subscribe-form\" data-id=\"f0d7d2e\" data-element_type=\"widget\" data-e-type=\"widget\" data-widget_type=\"tastyc-subscribe-form.default\">\n\t\t\t\t<div class=\"elementor-widget-container\">\n\t\t\t\t\t\n\t\t<!-- container -->\n\t\t<div class=\"container\">\n\n\t\t<div class=\"tst-banner-sm\">\n                    <div class=\"row align-items-center\">\n            <div class=\"col-lg-12\">\n              <div class=\"tst-text-frame text-left\">\n              \t                <div class=\"tst-suptitle tst-suptitle-mobile-center tst-suptitle-left tst-text-shadow tst-white-2 tst-mb-15\">\n                \t<span >\n\t\t          \t\tBolet\u00edn de noticias\t\t         \t<\/span>\n                <\/div>\n                                                <h2 class=\"tst-title--h tst-white-2 tst-text-shadow tst-mb-30\">\n            \t\t<span >\n\t\t          \t\tRegistro<br>bolet\u00edn de noticias\t\t         \t<\/span>\n            \t<\/h2>\n            \t                                <p class=\"tst-text tst-white-2 tst-text-shadow tst-mb-30\">\n                \t<span >\n\t\t          \t\tInformarle de nuestras novedades\t\t         \t<\/span>\n                <\/p>\n                                                \t\n<div class=\"wpcf7 no-js\" id=\"wpcf7-f368-o1\" lang=\"en-US\" dir=\"ltr\" data-wpcf7-id=\"368\">\n<div class=\"screen-reader-response\"><p role=\"status\" aria-live=\"polite\" aria-atomic=\"true\"><\/p> <ul><\/ul><\/div>\n<form action=\"\/es\/wp-json\/wp\/v2\/pages\/490#wpcf7-f368-o1\" method=\"post\" class=\"wpcf7-form init\" aria-label=\"Contact form\" novalidate=\"novalidate\" data-status=\"init\" data-trp-original-action=\"\/es\/wp-json\/wp\/v2\/pages\/490#wpcf7-f368-o1\">\n<fieldset class=\"hidden-fields-container\"><input type=\"hidden\" name=\"_wpcf7\" value=\"368\" \/><input type=\"hidden\" name=\"_wpcf7_version\" value=\"6.1.5\" \/><input type=\"hidden\" name=\"_wpcf7_locale\" value=\"en_US\" \/><input type=\"hidden\" name=\"_wpcf7_unit_tag\" value=\"wpcf7-f368-o1\" \/><input type=\"hidden\" name=\"_wpcf7_container_post\" value=\"0\" \/><input type=\"hidden\" name=\"_wpcf7_posted_data_hash\" value=\"\" \/>\n<\/fieldset>\n<span class=\"wpcf7-form-control-wrap\" data-name=\"sf_email\"><input size=\"40\" maxlength=\"400\" class=\"wpcf7-form-control wpcf7-email wpcf7-validates-as-required wpcf7-text wpcf7-validates-as-email\" aria-required=\"true\" aria-invalid=\"false\" placeholder=\"Su direcci\u00f3n de correo electr\u00f3nico\" value=\"\" type=\"email\" name=\"sf_email\" \/><\/span>\n<button class=\"tst-btn\" type=\"submit\">Enviar<\/button><div class=\"wpcf7-response-output\" aria-hidden=\"true\"><\/div>\n<input type=\"hidden\" name=\"trp-form-language\" value=\"es\"\/><\/form>\n<\/div>\n                              <\/div>\n            <\/div>\n          <\/div>\n        <\/div>\n\n\t\t<\/div>\n\t\t<!-- container end -->\n\n\t\t\t\t\t\t<\/div>\n\t\t\t\t<\/div>\n\t\t\t\t\t<\/div>\n\t\t<\/div>\n\t\t\t\t\t<\/div>\n\t\t<\/section>\n\t\t\t\t<\/div>","protected":false},"excerpt":{"rendered":"<p>Bienvenue chez ISO FISH Votre partenaire global dans l&#8217;exportation de produits de la p\u00eache\u00a0: POISSON, CEPHALOPODES, CRUSTACEES \u2026. Le Groupe&#8230; <span class=\"tst-el-more\"><a href=\"https:\/\/www.isofish.ma\/es\/a-propos\/\" class=\"tst-label tst-color tst-anima-link\">Read more<span class=\"screen-reader-text\">Read more\u00c0 propos<\/span><\/a><\/span><\/p>","protected":false},"author":1,"featured_media":0,"parent":0,"menu_order":0,"comment_status":"closed","ping_status":"closed","template":"template-layout-builder.php","meta":{"_acf_changed":false,"footnotes":""},"class_list":["post-490","page","type-page","status-publish","hentry"],"acf":[],"_links":{"self":[{"href":"https:\/\/www.isofish.ma\/es\/wp-json\/wp\/v2\/pages\/490","targetHints":{"allow":["GET"]}}],"collection":[{"href":"https:\/\/www.isofish.ma\/es\/wp-json\/wp\/v2\/pages"}],"about":[{"href":"https:\/\/www.isofish.ma\/es\/wp-json\/wp\/v2\/types\/page"}],"author":[{"embeddable":true,"href":"https:\/\/www.isofish.ma\/es\/wp-json\/wp\/v2\/users\/1"}],"replies":[{"embeddable":true,"href":"https:\/\/www.isofish.ma\/es\/wp-json\/wp\/v2\/comments?post=490"}],"version-history":[{"count":52,"href":"https:\/\/www.isofish.ma\/es\/wp-json\/wp\/v2\/pages\/490\/revisions"}],"predecessor-version":[{"id":3220,"href":"https:\/\/www.isofish.ma\/es\/wp-json\/wp\/v2\/pages\/490\/revisions\/3220"}],"wp:attachment":[{"href":"https:\/\/www.isofish.ma\/es\/wp-json\/wp\/v2\/media?parent=490"}],"curies":[{"name":"wp","href":"https:\/\/api.w.org\/{rel}","templated":true}]}}