{"id":2753,"date":"2024-04-01T08:23:59","date_gmt":"2024-04-01T08:23:59","guid":{"rendered":"https:\/\/isofish.factory76.fr\/?page_id=2753"},"modified":"2024-05-22T13:21:26","modified_gmt":"2024-05-22T13:21:26","slug":"logistique","status":"publish","type":"page","link":"https:\/\/www.isofish.ma\/es\/logistique\/","title":{"rendered":"Log\u00edstica"},"content":{"rendered":"<div data-elementor-type=\"wp-page\" data-elementor-id=\"2753\" class=\"elementor elementor-2753\">\n\t\t\t\t\t\t<section class=\"elementor-section elementor-top-section elementor-element elementor-element-9683c4e elementor-section-full_width elementor-section-height-default elementor-section-height-default\" data-id=\"9683c4e\" data-element_type=\"section\" data-e-type=\"section\">\n\t\t\t\t\t\t<div class=\"elementor-container elementor-column-gap-no\">\n\t\t\t\t\t<div class=\"elementor-column elementor-col-100 elementor-top-column elementor-element elementor-element-4db2153\" data-id=\"4db2153\" data-element_type=\"column\" data-e-type=\"column\">\n\t\t\t<div class=\"elementor-widget-wrap elementor-element-populated\">\n\t\t\t\t\t\t<div class=\"elementor-element elementor-element-9657b78 elementor-widget elementor-widget-tastyc-about-us-wide\" data-id=\"9657b78\" data-element_type=\"widget\" data-e-type=\"widget\" data-widget_type=\"tastyc-about-us-wide.default\">\n\t\t\t\t<div class=\"elementor-widget-container\">\n\t\t\t\t\t\n\t\t<!-- container -->\n\t\t<div class=\"container\">\n\n\t\t<div class=\"row\">\n\n                    <div class=\"col-lg-12\">\n\n            <!-- about text -->\n            <div class=\"tst-mb-60 text-center\">\n                            <div class=\"tst-suptitle tst-suptitle-center tst-mb-15\">\n              \t<span >\n\t\t\t\t\tSu partner log\u00edstico\t\t\t\t<\/span>\n              <\/div>\n                                                        <div class=\"tst-text tst-mb-30\">\n              \t<div >\n\t\t\t\t  \t<p><img fetchpriority=\"high\" decoding=\"async\" class=\"alignnone size-large wp-image-3141\" src=\"https:\/\/www.isofish.ma\/wp-content\/uploads\/2024\/04\/Capture-decran-2024-04-14-a-11.21.40-1024x305.png\" alt=\"\" width=\"900\" height=\"268\" srcset=\"https:\/\/www.isofish.ma\/wp-content\/uploads\/2024\/04\/Capture-decran-2024-04-14-a-11.21.40-1024x305.png 1024w, https:\/\/www.isofish.ma\/wp-content\/uploads\/2024\/04\/Capture-decran-2024-04-14-a-11.21.40-300x89.png 300w, https:\/\/www.isofish.ma\/wp-content\/uploads\/2024\/04\/Capture-decran-2024-04-14-a-11.21.40-768x229.png 768w, https:\/\/www.isofish.ma\/wp-content\/uploads\/2024\/04\/Capture-decran-2024-04-14-a-11.21.40-1536x457.png 1536w, https:\/\/www.isofish.ma\/wp-content\/uploads\/2024\/04\/Capture-decran-2024-04-14-a-11.21.40-2048x609.png 2048w, https:\/\/www.isofish.ma\/wp-content\/uploads\/2024\/04\/Capture-decran-2024-04-14-a-11.21.40-18x5.png 18w, https:\/\/www.isofish.ma\/wp-content\/uploads\/2024\/04\/Capture-decran-2024-04-14-a-11.21.40-950x283.png 950w, https:\/\/www.isofish.ma\/wp-content\/uploads\/2024\/04\/Capture-decran-2024-04-14-a-11.21.40-1920x571.png 1920w\" sizes=\"(max-width: 900px) 100vw, 900px\" \/><\/p>\n<p><\/p>\n<p>En AK LOGISTIQUE, estamos orgullosos de nuestra experiencia en el transporte y la log\u00edstica en Marruecos. Con amplio conocimiento del mercado local y una extensa red de socios (MAURITANIA, MARRUECOS y Espa\u00f1a-Portugal...), somos su socio de confianza para todas sus necesidades en t\u00e9rminos de log\u00edstica, ya sea a nivel nacional o internacional.<\/p>\n<p>Nuestros servicios especializados incluyen :<\/p>\n<h5><span style=\"color: #12678e\"><strong>El Transporte nacional e internacional<br><\/strong><\/span><\/h5>\n<p><\/p>\n<p>Si tus art\u00edculos deben ser entregados a trav\u00e9s de Marruecos (DAKHLA - AAI\u00daN-TANTAN - AGADIR-CASABLANCA - RABAT - LAARACH - T\u00c1NGER ...) o enviados al extranjero (EUROPA , \u00c1FRICA ...). Nuestro experimentado equipo ofrece soluciones de transporte eficaz, fiable y adaptada a sus necesidades espec\u00edficas.<\/p>\n<h5><span style=\"color: #12678e\"><strong>Los Servicios de aduanas y de regulaci\u00f3n&nbsp;<\/strong><\/span><\/h5>\n<p><\/p>\n<p>Gracias a nuestro amplio conocimiento de los reglamentos de aduanas, marroqu\u00ed, facilitamos el proceso de despacho de aduana, y garantizar el pleno cumplimiento, evitando as\u00ed los retrasos y complicaciones innecesarias.<\/p>\n<h5><strong><span style=\"color: #12678e\">Seguimiento en tiempo Real&nbsp;<\/span><\/strong><\/h5>\n<p><\/p>\n<p>Nuestro sistema avanzado de seguimiento le permite el seguimiento de su env\u00edo en tiempo real, proporcionando una visibilidad completa de la ubicaci\u00f3n y el estado de su mercanc\u00eda en cualquier momento.<\/p>\n<h5><strong><span style=\"color: #12678e\">Compromiso con la sostenibilidad&nbsp;<\/span><\/strong><\/h5>\n<p><\/p>\n<p>Como empresa responsable, estamos comprometidos a minimizar nuestro impacto ambiental. Podemos adoptar la pr\u00e1ctica de transporte sostenible, y nos esforzamos para reducir nuestra huella de carbono en todas nuestras operaciones.<\/p>\n<p>Si eres un negocio local o internacional, AK LOG\u00cdSTICA est\u00e1 aqu\u00ed para ayudarle con soluciones de log\u00edstica, confiable y personalizado en Marruecos.<\/p>\n<p>P\u00f3ngase en contacto con nosotros hoy mismo para descubrir c\u00f3mo podemos contribuir al \u00e9xito de su negocio mediante la racionalizaci\u00f3n de sus operaciones de log\u00edstica.<\/p>\t\t\t\t<\/div>\n              <\/div>\n                                        <\/div>\n            <!-- about text end -->\n\n          <\/div>\n\n        <\/div>\n        \n        \n                <div class=\"row\">\n\n          <div class=\"col-lg-12\">\n\n            <!-- about video -->\n            <div class=\"tst-about-cover tst-video-cover tst-mb-60\">\n                            <img decoding=\"async\" src=\"https:\/\/www.isofish.ma\/wp-content\/uploads\/2024\/04\/23857ce5-831c-4b5a-8985-e5eaa8bba2b0.jpg\" alt=\"Votre partenaire logistique\" class=\"tst-cover animateme\" data-when=\"span\" data-from=\"-1\" data-to=\"2\" data-easing=\"easeinout\" data-scale=\"1.2\">\n                            <div class=\"tst-overlay\"><\/div>\n                            <div class=\"tst-btn-animation\"><\/div>\n              <a class=\"tst-play-button\" data-magnific-video href=\"https:\/\/www.youtube.com\/watch?v=ouYxomepXFo\" data-width=\"1000\" data-height=\"600\">\n                <i class=\"fas fa-play\"><\/i>\n              <\/a>\n                          <\/div>\n            <!-- about video end -->\n\n          <\/div>\n\n        <\/div>\n        \n        <div class=\"tst-spacer tst-spacer-only-bottom-space\"><\/div>\n\n        <\/div>\n\n\t\t\t\t\t\t<\/div>\n\t\t\t\t<\/div>\n\t\t\t\t\t<\/div>\n\t\t<\/div>\n\t\t\t\t\t<\/div>\n\t\t<\/section>\n\t\t\t\t<section class=\"elementor-section elementor-top-section elementor-element elementor-element-48b0cc8 elementor-section-full_width elementor-hidden-desktop elementor-hidden-tablet elementor-hidden-mobile elementor-section-height-default elementor-section-height-default\" data-id=\"48b0cc8\" data-element_type=\"section\" data-e-type=\"section\" data-settings=\"{&quot;background_background&quot;:&quot;classic&quot;}\">\n\t\t\t\t\t\t\t<div class=\"elementor-background-overlay\"><\/div>\n\t\t\t\t\t\t\t<div class=\"elementor-container elementor-column-gap-no\">\n\t\t\t\t\t<div class=\"elementor-column elementor-col-100 elementor-top-column elementor-element elementor-element-ca7b1fc\" data-id=\"ca7b1fc\" data-element_type=\"column\" data-e-type=\"column\">\n\t\t\t<div class=\"elementor-widget-wrap elementor-element-populated\">\n\t\t\t\t\t\t<div class=\"elementor-element elementor-element-f0d7d2e elementor-widget elementor-widget-tastyc-subscribe-form\" data-id=\"f0d7d2e\" data-element_type=\"widget\" data-e-type=\"widget\" data-widget_type=\"tastyc-subscribe-form.default\">\n\t\t\t\t<div class=\"elementor-widget-container\">\n\t\t\t\t\t\n\t\t<!-- container -->\n\t\t<div class=\"container\">\n\n\t\t<div class=\"tst-banner-sm\">\n                    <div class=\"row align-items-center\">\n            <div class=\"col-lg-12\">\n              <div class=\"tst-text-frame text-left\">\n              \t                <div class=\"tst-suptitle tst-suptitle-mobile-center tst-suptitle-left tst-text-shadow tst-white-2 tst-mb-15\">\n                \t<span >\n\t\t          \t\tBolet\u00edn de noticias\t\t         \t<\/span>\n                <\/div>\n                                                <h2 class=\"tst-title--h tst-white-2 tst-text-shadow tst-mb-30\">\n            \t\t<span >\n\t\t          \t\tRegistro<br>bolet\u00edn de noticias\t\t         \t<\/span>\n            \t<\/h2>\n            \t                                <p class=\"tst-text tst-white-2 tst-text-shadow tst-mb-30\">\n                \t<span >\n\t\t          \t\tInformarle de nuestras novedades\t\t         \t<\/span>\n                <\/p>\n                                                \t\n<div class=\"wpcf7 no-js\" id=\"wpcf7-f368-o1\" lang=\"en-US\" dir=\"ltr\" data-wpcf7-id=\"368\">\n<div class=\"screen-reader-response\"><p role=\"status\" aria-live=\"polite\" aria-atomic=\"true\"><\/p> <ul><\/ul><\/div>\n<form action=\"\/es\/wp-json\/wp\/v2\/pages\/2753#wpcf7-f368-o1\" method=\"post\" class=\"wpcf7-form init\" aria-label=\"Contact form\" novalidate=\"novalidate\" data-status=\"init\" data-trp-original-action=\"\/es\/wp-json\/wp\/v2\/pages\/2753#wpcf7-f368-o1\">\n<fieldset class=\"hidden-fields-container\"><input type=\"hidden\" name=\"_wpcf7\" value=\"368\" \/><input type=\"hidden\" name=\"_wpcf7_version\" value=\"6.1.5\" \/><input type=\"hidden\" name=\"_wpcf7_locale\" value=\"en_US\" \/><input type=\"hidden\" name=\"_wpcf7_unit_tag\" value=\"wpcf7-f368-o1\" \/><input type=\"hidden\" name=\"_wpcf7_container_post\" value=\"0\" \/><input type=\"hidden\" name=\"_wpcf7_posted_data_hash\" value=\"\" \/>\n<\/fieldset>\n<span class=\"wpcf7-form-control-wrap\" data-name=\"sf_email\"><input size=\"40\" maxlength=\"400\" class=\"wpcf7-form-control wpcf7-email wpcf7-validates-as-required wpcf7-text wpcf7-validates-as-email\" aria-required=\"true\" aria-invalid=\"false\" placeholder=\"Su direcci\u00f3n de correo electr\u00f3nico\" value=\"\" type=\"email\" name=\"sf_email\" \/><\/span>\n<button class=\"tst-btn\" type=\"submit\">Enviar<\/button><div class=\"wpcf7-response-output\" aria-hidden=\"true\"><\/div>\n<input type=\"hidden\" name=\"trp-form-language\" value=\"es\"\/><\/form>\n<\/div>\n                              <\/div>\n            <\/div>\n          <\/div>\n        <\/div>\n\n\t\t<\/div>\n\t\t<!-- container end -->\n\n\t\t\t\t\t\t<\/div>\n\t\t\t\t<\/div>\n\t\t\t\t\t<\/div>\n\t\t<\/div>\n\t\t\t\t\t<\/div>\n\t\t<\/section>\n\t\t\t\t<\/div>","protected":false},"excerpt":{"rendered":"<p>Votre partenaire logistique Chez AK LOGISTIQUE, nous sommes fiers de notre expertise en transport et logistique au Maroc. Forts d&#8217;une&#8230; <span class=\"tst-el-more\"><a href=\"https:\/\/www.isofish.ma\/es\/logistique\/\" class=\"tst-label tst-color tst-anima-link\">Read more<span class=\"screen-reader-text\">Read moreLogistique<\/span><\/a><\/span><\/p>","protected":false},"author":1,"featured_media":0,"parent":0,"menu_order":0,"comment_status":"closed","ping_status":"closed","template":"template-layout-builder.php","meta":{"_acf_changed":false,"footnotes":""},"class_list":["post-2753","page","type-page","status-publish","hentry"],"acf":[],"_links":{"self":[{"href":"https:\/\/www.isofish.ma\/es\/wp-json\/wp\/v2\/pages\/2753","targetHints":{"allow":["GET"]}}],"collection":[{"href":"https:\/\/www.isofish.ma\/es\/wp-json\/wp\/v2\/pages"}],"about":[{"href":"https:\/\/www.isofish.ma\/es\/wp-json\/wp\/v2\/types\/page"}],"author":[{"embeddable":true,"href":"https:\/\/www.isofish.ma\/es\/wp-json\/wp\/v2\/users\/1"}],"replies":[{"embeddable":true,"href":"https:\/\/www.isofish.ma\/es\/wp-json\/wp\/v2\/comments?post=2753"}],"version-history":[{"count":32,"href":"https:\/\/www.isofish.ma\/es\/wp-json\/wp\/v2\/pages\/2753\/revisions"}],"predecessor-version":[{"id":3409,"href":"https:\/\/www.isofish.ma\/es\/wp-json\/wp\/v2\/pages\/2753\/revisions\/3409"}],"wp:attachment":[{"href":"https:\/\/www.isofish.ma\/es\/wp-json\/wp\/v2\/media?parent=2753"}],"curies":[{"name":"wp","href":"https:\/\/api.w.org\/{rel}","templated":true}]}}