{"id":624,"date":"2021-05-06T09:17:43","date_gmt":"2021-05-06T09:17:43","guid":{"rendered":"https:\/\/bslthemes.com\/tastyc\/?page_id=624"},"modified":"2024-04-14T11:18:18","modified_gmt":"2024-04-14T11:18:18","slug":"contact","status":"publish","type":"page","link":"https:\/\/www.isofish.ma\/en\/contact\/","title":{"rendered":"Contact"},"content":{"rendered":"<div data-elementor-type=\"wp-page\" data-elementor-id=\"624\" class=\"elementor elementor-624\">\n\t\t\t\t\t\t<section class=\"elementor-section elementor-top-section elementor-element elementor-element-022cbc0 elementor-section-full_width elementor-section-height-default elementor-section-height-default\" data-id=\"022cbc0\" data-element_type=\"section\" data-e-type=\"section\">\n\t\t\t\t\t\t<div class=\"elementor-container elementor-column-gap-no\">\n\t\t\t\t\t<div class=\"elementor-column elementor-col-100 elementor-top-column elementor-element elementor-element-c880e8f\" data-id=\"c880e8f\" data-element_type=\"column\" data-e-type=\"column\">\n\t\t\t<div class=\"elementor-widget-wrap elementor-element-populated\">\n\t\t\t\t\t\t<div class=\"elementor-element elementor-element-4e096b0 elementor-widget elementor-widget-tastyc-services\" data-id=\"4e096b0\" data-element_type=\"widget\" data-e-type=\"widget\" data-widget_type=\"tastyc-services.default\">\n\t\t\t\t<div class=\"elementor-widget-container\">\n\t\t\t\t\t\n\t\t<!-- container -->\n\t\t<div class=\"container\">\n\n\t\t<div class=\"row\">\n\t\t            <div class=\"col-lg-12\">\n\n            <!-- title -->\n            <div class=\"text-center\">\n                            <div class=\"tst-suptitle tst-suptitle-center tst-mb-15\">\n              \t<span >\n\t\t          \tISO FISH\t\t        <\/span>\n              <\/div>\n                                          <h3 class=\"tst-title--h tst-mb-30\">\n              \t<span >\n\t\t          \tContact us\t\t        <\/span>\n              <\/h3>\n                                        <\/div>\n            <!-- title end -->\n\n          <\/div>\n          \n          \t\t            <div class=\"col-lg-4\">\n\n            <!-- icon box -->\n            <div class=\"tst-icon-box tst-mb-60\">\n                            <img decoding=\"async\" src=\"https:\/\/www.isofish.ma\/wp-content\/uploads\/2021\/04\/icon-contact-email.png\" alt=\"\" class=\"tst-mb-30\" \/>\n                                          <h5 class=\"tst-mb-30\">\n              \t<span >\n\t        \t\tEmail\t        \t<\/span>\n              <\/h5>\n                                          <div class=\"tst-text\">\n              \t<div >\n\t        \t\t<p><a href=\"mailto:isofish18@gmail.com\" target=\"_blank\" rel=\"noopener\">isofish18@gmail.com<\/a><\/p><p><a href=\"mailto:isoseafood.ma@gmail.com\">isoseafood.ma@gmail.com<\/a><\/p>\t        \t<\/div>\n              <\/div>\n                          <\/div>\n            <!-- icon box end -->\n\n          <\/div>\n                    <div class=\"col-lg-4\">\n\n            <!-- icon box -->\n            <div class=\"tst-icon-box tst-mb-60\">\n                            <img decoding=\"async\" src=\"https:\/\/www.isofish.ma\/wp-content\/uploads\/2021\/04\/icon-contact-tel.png\" alt=\"\" class=\"tst-mb-30\" \/>\n                                          <h5 class=\"tst-mb-30\">\n              \t<span >\n\t        \t\tPhone\t        \t<\/span>\n              <\/h5>\n                                          <div class=\"tst-text\">\n              \t<div >\n\t        \t\t<p><a href=\"tel:+212661388266\" target=\"_blank\" rel=\"noopener\">+212661388266<\/a><\/p><p><a href=\"tel:+212661871179\" target=\"_blank\" rel=\"noopener\">+212661871179<\/a><\/p>\t        \t<\/div>\n              <\/div>\n                          <\/div>\n            <!-- icon box end -->\n\n          <\/div>\n                    <div class=\"col-lg-4\">\n\n            <!-- icon box -->\n            <div class=\"tst-icon-box tst-mb-60\">\n                            <img decoding=\"async\" src=\"https:\/\/www.isofish.ma\/wp-content\/uploads\/2021\/04\/icon-contact-adr.png\" alt=\"\" class=\"tst-mb-30\" \/>\n                                          <h5 class=\"tst-mb-30\">\n              \t<span >\n\t        \t\tAddress\t        \t<\/span>\n              <\/h5>\n                                          <div class=\"tst-text\">\n              \t<div >\n\t        \t\t<p>Street Kenitra n\u00b0 1-Massira III - B. P 146 -Dakhla -MOROCCO<\/p>\t        \t<\/div>\n              <\/div>\n                          <\/div>\n            <!-- icon box end -->\n\n          <\/div>\n                    \n        <\/div>\n\n        <div class=\"tst-spacer tst-spacer-only-bottom-space\"><\/div>\n\n\t\t<\/div>\n\t\t<!-- container end -->\n\n\t\t\t\t\t\t<\/div>\n\t\t\t\t<\/div>\n\t\t\t\t\t<\/div>\n\t\t<\/div>\n\t\t\t\t\t<\/div>\n\t\t<\/section>\n\t\t\t\t<section class=\"elementor-section elementor-top-section elementor-element elementor-element-db94581 elementor-section-full_width elementor-section-height-default elementor-section-height-default\" data-id=\"db94581\" data-element_type=\"section\" data-e-type=\"section\">\n\t\t\t\t\t\t<div class=\"elementor-container elementor-column-gap-no\">\n\t\t\t\t\t<div class=\"elementor-column elementor-col-100 elementor-top-column elementor-element elementor-element-c1160d2\" data-id=\"c1160d2\" data-element_type=\"column\" data-e-type=\"column\">\n\t\t\t<div class=\"elementor-widget-wrap elementor-element-populated\">\n\t\t\t\t\t\t<div class=\"elementor-element elementor-element-ac1b8dc elementor-widget elementor-widget-tastyc-contact-form\" data-id=\"ac1b8dc\" data-element_type=\"widget\" data-e-type=\"widget\" data-widget_type=\"tastyc-contact-form.default\">\n\t\t\t\t<div class=\"elementor-widget-container\">\n\t\t\t\t\t\n\t\t<!-- container -->\n\t\t<div class=\"container\">\n\n\t\t\t<div class=\"row\">\n\n\t\t\t                <div class=\"col-lg-12\">\n                <!-- title -->\n                <div class=\"text-center\">\n                                    <div class=\"tst-suptitle tst-suptitle-center tst-mb-15\">\n                  \t<span >\n\t\t\t          \tISO FISH\t\t\t        <\/span>\n                  <\/div>\n                                                      <h3 class=\"tst-title--h tst-mb-30\">\n                  \t<span >\n\t\t\t          \tContact form\t\t\t        <\/span>\n                  <\/h3>\n                                                    <\/div>\n                <!-- title end -->\n              <\/div>\n          \t  \n          \t                <div class=\"col-lg-12\">\n                \n<div class=\"wpcf7 no-js\" id=\"wpcf7-f669-o1\" lang=\"en-US\" dir=\"ltr\" data-wpcf7-id=\"669\">\n<div class=\"screen-reader-response\"><p role=\"status\" aria-live=\"polite\" aria-atomic=\"true\"><\/p> <ul><\/ul><\/div>\n<form action=\"\/en\/wp-json\/wp\/v2\/pages\/624#wpcf7-f669-o1\" method=\"post\" class=\"wpcf7-form init\" aria-label=\"Contact form\" novalidate=\"novalidate\" data-status=\"init\" data-trp-original-action=\"\/en\/wp-json\/wp\/v2\/pages\/624#wpcf7-f669-o1\">\n<fieldset class=\"hidden-fields-container\"><input type=\"hidden\" name=\"_wpcf7\" value=\"669\" \/><input type=\"hidden\" name=\"_wpcf7_version\" value=\"6.1.5\" \/><input type=\"hidden\" name=\"_wpcf7_locale\" value=\"en_US\" \/><input type=\"hidden\" name=\"_wpcf7_unit_tag\" value=\"wpcf7-f669-o1\" \/><input type=\"hidden\" name=\"_wpcf7_container_post\" value=\"0\" \/><input type=\"hidden\" name=\"_wpcf7_posted_data_hash\" value=\"\" \/>\n<\/fieldset>\n<div class=\"text-center\">\n <div class=\"row\">\n  <div class=\"col-lg-6\">\n   <span class=\"wpcf7-form-control-wrap\" data-name=\"cf_firstname\"><input size=\"40\" maxlength=\"400\" class=\"wpcf7-form-control wpcf7-text wpcf7-validates-as-required\" aria-required=\"true\" aria-invalid=\"false\" placeholder=\"First name\" value=\"\" type=\"text\" name=\"cf_firstname\" \/><\/span>\n  <\/div>\n  <div class=\"col-lg-6\">\n   <span class=\"wpcf7-form-control-wrap\" data-name=\"cf_lastname\"><input size=\"40\" maxlength=\"400\" class=\"wpcf7-form-control wpcf7-text wpcf7-validates-as-required\" aria-required=\"true\" aria-invalid=\"false\" placeholder=\"Name\" value=\"\" type=\"text\" name=\"cf_lastname\" \/><\/span>\n  <\/div>\n  <div class=\"col-lg-6\">\n   <span class=\"wpcf7-form-control-wrap\" data-name=\"cf_phone\"><input size=\"40\" maxlength=\"400\" class=\"wpcf7-form-control wpcf7-tel wpcf7-validates-as-required wpcf7-text wpcf7-validates-as-tel\" aria-required=\"true\" aria-invalid=\"false\" placeholder=\"Phone\" value=\"\" type=\"tel\" name=\"cf_phone\" \/><\/span>\n  <\/div>\n  <div class=\"col-lg-6\">\n   <span class=\"wpcf7-form-control-wrap\" data-name=\"cf_email\"><input size=\"40\" maxlength=\"400\" class=\"wpcf7-form-control wpcf7-email wpcf7-validates-as-required wpcf7-text wpcf7-validates-as-email\" aria-required=\"true\" aria-invalid=\"false\" placeholder=\"Email\" value=\"\" type=\"email\" name=\"cf_email\" \/><\/span>\n  <\/div>\n  <div class=\"col-lg-12\">\n   <span class=\"wpcf7-form-control-wrap\" data-name=\"cf_text\"><textarea cols=\"40\" rows=\"10\" maxlength=\"2000\" class=\"wpcf7-form-control wpcf7-textarea wpcf7-validates-as-required\" aria-required=\"true\" aria-invalid=\"false\" placeholder=\"Message\" name=\"cf_text\"><\/textarea><\/span>\n  <\/div>\n <\/div>\n <button class=\"tst-btn\" type=\"submit\" name=\"button\">Send<\/button>\n<\/div><div class=\"wpcf7-response-output\" aria-hidden=\"true\"><\/div>\n<input type=\"hidden\" name=\"trp-form-language\" value=\"en\"\/><\/form>\n<\/div>\n              <\/div>\n              \n            <\/div>\n\n        <\/div>\n\n\t\t<!-- container end -->\n\n\t\t\t\t\t\t<\/div>\n\t\t\t\t<\/div>\n\t\t\t\t\t<\/div>\n\t\t<\/div>\n\t\t\t\t\t<\/div>\n\t\t<\/section>\n\t\t\t\t<section class=\"elementor-section elementor-top-section elementor-element elementor-element-c7da366 elementor-section-full_width elementor-section-height-default elementor-section-height-default\" data-id=\"c7da366\" data-element_type=\"section\" data-e-type=\"section\" data-settings=\"{&quot;background_background&quot;:&quot;classic&quot;}\">\n\t\t\t\t\t\t\t<div class=\"elementor-background-overlay\"><\/div>\n\t\t\t\t\t\t\t<div class=\"elementor-container elementor-column-gap-no\">\n\t\t\t\t\t<div class=\"elementor-column elementor-col-100 elementor-top-column elementor-element elementor-element-60f27be\" data-id=\"60f27be\" data-element_type=\"column\" data-e-type=\"column\">\n\t\t\t<div class=\"elementor-widget-wrap elementor-element-populated\">\n\t\t\t\t\t\t<div class=\"elementor-element elementor-element-7ce567b elementor-widget elementor-widget-tastyc-subscribe-form\" data-id=\"7ce567b\" data-element_type=\"widget\" data-e-type=\"widget\" data-widget_type=\"tastyc-subscribe-form.default\">\n\t\t\t\t<div class=\"elementor-widget-container\">\n\t\t\t\t\t\n\t\t<!-- container -->\n\t\t<div class=\"container\">\n\n\t\t<div class=\"tst-banner-sm\">\n                    <div class=\"row align-items-center\">\n            <div class=\"col-lg-12\">\n              <div class=\"tst-text-frame text-left\">\n              \t                <div class=\"tst-suptitle tst-suptitle-mobile-center tst-suptitle-left tst-text-shadow tst-white-2 tst-mb-15\">\n                \t<span >\n\t\t          \t\tNewsletter\t\t         \t<\/span>\n                <\/div>\n                                                <h2 class=\"tst-title--h tst-white-2 tst-text-shadow tst-mb-30\">\n            \t\t<span >\n\t\t          \t\tRegistration<br>newsletter\t\t         \t<\/span>\n            \t<\/h2>\n            \t                                <p class=\"tst-text tst-white-2 tst-text-shadow tst-mb-30\">\n                \t<span >\n\t\t          \t\tInform you of our new arrivals\t\t         \t<\/span>\n                <\/p>\n                                                \t\n<div class=\"wpcf7 no-js\" id=\"wpcf7-f368-o2\" lang=\"en-US\" dir=\"ltr\" data-wpcf7-id=\"368\">\n<div class=\"screen-reader-response\"><p role=\"status\" aria-live=\"polite\" aria-atomic=\"true\"><\/p> <ul><\/ul><\/div>\n<form action=\"\/en\/wp-json\/wp\/v2\/pages\/624#wpcf7-f368-o2\" method=\"post\" class=\"wpcf7-form init\" aria-label=\"Contact form\" novalidate=\"novalidate\" data-status=\"init\" data-trp-original-action=\"\/en\/wp-json\/wp\/v2\/pages\/624#wpcf7-f368-o2\">\n<fieldset class=\"hidden-fields-container\"><input type=\"hidden\" name=\"_wpcf7\" value=\"368\" \/><input type=\"hidden\" name=\"_wpcf7_version\" value=\"6.1.5\" \/><input type=\"hidden\" name=\"_wpcf7_locale\" value=\"en_US\" \/><input type=\"hidden\" name=\"_wpcf7_unit_tag\" value=\"wpcf7-f368-o2\" \/><input type=\"hidden\" name=\"_wpcf7_container_post\" value=\"0\" \/><input type=\"hidden\" name=\"_wpcf7_posted_data_hash\" value=\"\" \/>\n<\/fieldset>\n<span class=\"wpcf7-form-control-wrap\" data-name=\"sf_email\"><input size=\"40\" maxlength=\"400\" class=\"wpcf7-form-control wpcf7-email wpcf7-validates-as-required wpcf7-text wpcf7-validates-as-email\" aria-required=\"true\" aria-invalid=\"false\" placeholder=\"Your email address\" value=\"\" type=\"email\" name=\"sf_email\" \/><\/span>\n<button class=\"tst-btn\" type=\"submit\">Send<\/button><div class=\"wpcf7-response-output\" aria-hidden=\"true\"><\/div>\n<input type=\"hidden\" name=\"trp-form-language\" value=\"en\"\/><\/form>\n<\/div>\n                              <\/div>\n            <\/div>\n          <\/div>\n        <\/div>\n\n\t\t<\/div>\n\t\t<!-- container end -->\n\n\t\t\t\t\t\t<\/div>\n\t\t\t\t<\/div>\n\t\t\t\t\t<\/div>\n\t\t<\/div>\n\t\t\t\t\t<\/div>\n\t\t<\/section>\n\t\t\t\t<\/div>","protected":false},"excerpt":{"rendered":"<p>ISO FISH Nous contacter Email isofish18@gmail.com isoseafood.ma@gmail.com T\u00e9l\u00e9phone +212661388266 +212661871179 Adresse Rue K\u00e9nitra n\u00b0 1-Massira III &#8211; B.P 146 -Dakhla&#8230; <span class=\"tst-el-more\"><a href=\"https:\/\/www.isofish.ma\/en\/contact\/\" class=\"tst-label tst-color tst-anima-link\">Read more<span class=\"screen-reader-text\">Read moreContact<\/span><\/a><\/span><\/p>","protected":false},"author":1,"featured_media":0,"parent":0,"menu_order":0,"comment_status":"closed","ping_status":"closed","template":"template-layout-builder.php","meta":{"_acf_changed":false,"footnotes":""},"class_list":["post-624","page","type-page","status-publish","hentry"],"acf":[],"_links":{"self":[{"href":"https:\/\/www.isofish.ma\/en\/wp-json\/wp\/v2\/pages\/624","targetHints":{"allow":["GET"]}}],"collection":[{"href":"https:\/\/www.isofish.ma\/en\/wp-json\/wp\/v2\/pages"}],"about":[{"href":"https:\/\/www.isofish.ma\/en\/wp-json\/wp\/v2\/types\/page"}],"author":[{"embeddable":true,"href":"https:\/\/www.isofish.ma\/en\/wp-json\/wp\/v2\/users\/1"}],"replies":[{"embeddable":true,"href":"https:\/\/www.isofish.ma\/en\/wp-json\/wp\/v2\/comments?post=624"}],"version-history":[{"count":14,"href":"https:\/\/www.isofish.ma\/en\/wp-json\/wp\/v2\/pages\/624\/revisions"}],"predecessor-version":[{"id":3201,"href":"https:\/\/www.isofish.ma\/en\/wp-json\/wp\/v2\/pages\/624\/revisions\/3201"}],"wp:attachment":[{"href":"https:\/\/www.isofish.ma\/en\/wp-json\/wp\/v2\/media?parent=624"}],"curies":[{"name":"wp","href":"https:\/\/api.w.org\/{rel}","templated":true}]}}